{"id":10,"date":"2019-09-26T21:52:10","date_gmt":"2019-09-26T21:52:10","guid":{"rendered":"https:\/\/franciscobruna.com\/v1\/?page_id=10"},"modified":"2022-01-10T13:45:03","modified_gmt":"2022-01-10T13:45:03","slug":"proyectos","status":"publish","type":"page","link":"https:\/\/franciscobruna.com\/v1\/proyectos\/","title":{"rendered":"Statement"},"content":{"rendered":"\n<p>Mi trabajo reflexiona sobre la memoria social, cultural y pol\u00edtica\npresente en diversos contextos o territorios. Con ello, lo que me interesa es\n\u201clevantar\u201d problem\u00e1ticas vinculadas a la historia marginada o transparentada\npor los grandes relatos de la sociedad contempor\u00e1nea. En este sentido, lo que\nbusco principalmente es redescubrir, visibilizar y poner en tensi\u00f3n la\ndimensi\u00f3n simb\u00f3lica de esos relatos a partir de estrategias de tipo\nantropol\u00f3gico, como la presentaci\u00f3n de elementos y objetos encontrados, la\nhuella o ruina como testimonio, y la narraci\u00f3n como ejercicio de intercambio\nmulticultural posible. <\/p>\n\n\n\n<p>Para ello, establezco el trabajo de campo o site specific como un\nejercicio reflexivo y revelador, en la medida que opera como un puente\narticulador de la pr\u00e1xis art\u00edstica con el territorio. En este sentido, me\ninteresa trabajar con lugares invisibilizados, los desplegados al margen de la\nciudad, como tambi\u00e9n con el repliegue y precarizaci\u00f3n de la vida rural,\nprovocada por los modelos industriales y econ\u00f3micos que imperan en la\nactualidad.<\/p>\n\n\n\n<p>Para llevar a cabo cada uno de los proyectos en los cuales trabajo\nutilizo el recorrido, el trueque y el relato como estrategias o dispositivos\ncon los cuales establezco un acercamiento cr\u00edtico y potencialmente relacional,\nque despliego y materializo formalmente por medio de la instalaci\u00f3n, el video,\nla acci\u00f3n, la fotograf\u00eda y la pintura.<\/p>\n\n\n\n<p class=\"has-text-color has-cyan-bluish-gray-color\">&nbsp;El desarrollo o proceso de\ntrabajo que llevo a la fecha supone un desplazamiento de la pintura, que es la\ndisciplina con la que he trabajado desde el a\u00f1o 2006. En este sentido mi\ntrabajo es muy \u201cpict\u00f3rico\u201d, ya que veo en el ejercicio simb\u00f3lico de presentar y\nya no representar, y en paralelo la de \u201ccavar\u201d en las microhistorias de la\nsociedad actual, una forma de palimpsesto o \u2013 capa por capa- como analog\u00eda de\nla disciplina pict\u00f3rica. Esta superposici\u00f3n o revelaci\u00f3n, yo la interpreto como\nun gesto valiente y violento a la vez, ya que al \u201clevantar\u201d una capa, se oculta\nla anterior, por ende tambi\u00e9n la memoria. En este sentido, frente a ciertas\nproblem\u00e1ticas, pretendo siempre dejar abierta la interrogante, y no su\nilustraci\u00f3n. No me interesa con esto que la obra suponga una verdad t\u00e1cita sino\nm\u00e1s bien un canal que se expresa entre la propia obra, el lugar de exhibici\u00f3n\n(si as\u00ed procede) y el espectador. En ese instante es donde se activa mi\ntrabajo, conceptual, po\u00e9tica y materialmente.<\/p>\n","protected":false},"excerpt":{"rendered":"<p>Mi trabajo reflexiona sobre la memoria social, cultural y pol\u00edtica presente en diversos contextos o territorios. Con ello, lo que me interesa es \u201clevantar\u201d problem\u00e1ticas vinculadas a la historia marginada o transparentada por los grandes relatos de la sociedad contempor\u00e1nea. En este sentido, lo que busco principalmente es redescubrir, visibilizar y poner en tensi\u00f3n la [&hellip;]<\/p>\n","protected":false},"author":1,"featured_media":0,"parent":0,"menu_order":0,"comment_status":"closed","ping_status":"closed","template":"","meta":{"_acf_changed":false,"footnotes":""},"class_list":["post-10","page","type-page","status-publish","hentry"],"acf":[],"_links":{"self":[{"href":"https:\/\/franciscobruna.com\/v1\/wp-json\/wp\/v2\/pages\/10","targetHints":{"allow":["GET"]}}],"collection":[{"href":"https:\/\/franciscobruna.com\/v1\/wp-json\/wp\/v2\/pages"}],"about":[{"href":"https:\/\/franciscobruna.com\/v1\/wp-json\/wp\/v2\/types\/page"}],"author":[{"embeddable":true,"href":"https:\/\/franciscobruna.com\/v1\/wp-json\/wp\/v2\/users\/1"}],"replies":[{"embeddable":true,"href":"https:\/\/franciscobruna.com\/v1\/wp-json\/wp\/v2\/comments?post=10"}],"version-history":[{"count":6,"href":"https:\/\/franciscobruna.com\/v1\/wp-json\/wp\/v2\/pages\/10\/revisions"}],"predecessor-version":[{"id":772,"href":"https:\/\/franciscobruna.com\/v1\/wp-json\/wp\/v2\/pages\/10\/revisions\/772"}],"wp:attachment":[{"href":"https:\/\/franciscobruna.com\/v1\/wp-json\/wp\/v2\/media?parent=10"}],"curies":[{"name":"wp","href":"https:\/\/api.w.org\/{rel}","templated":true}]}}